{"id":3,"date":"2023-11-29T15:35:10","date_gmt":"2023-11-29T14:35:10","guid":{"rendered":"https:\/\/shop.europe-discovery.de\/?page_id=3"},"modified":"2023-12-18T12:40:52","modified_gmt":"2023-12-18T11:40:52","slug":"datenschutz","status":"publish","type":"page","link":"http:\/\/europe-discovery.de\/en\/datenschutz\/","title":{"rendered":"Data Privacy"},"content":{"rendered":"<div class=\"fusion-fullwidth fullwidth-box fusion-builder-row-1 fusion-flex-container nonhundred-percent-fullwidth non-hundred-percent-height-scrolling\" style=\"--awb-border-radius-top-left:0px;--awb-border-radius-top-right:0px;--awb-border-radius-bottom-right:0px;--awb-border-radius-bottom-left:0px;--awb-flex-wrap:wrap;\" ><div class=\"fusion-builder-row fusion-row fusion-flex-align-items-flex-start fusion-flex-content-wrap\" style=\"max-width:1248px;margin-left: calc(-4% \/ 2 );margin-right: calc(-4% \/ 2 );\"><div class=\"fusion-layout-column fusion_builder_column fusion-builder-column-0 fusion_builder_column_1_1 1_1 fusion-flex-column\" style=\"--awb-bg-size:cover;--awb-width-large:100%;--awb-margin-top-large:0px;--awb-spacing-right-large:1.92%;--awb-margin-bottom-large:20px;--awb-spacing-left-large:1.92%;--awb-width-medium:100%;--awb-order-medium:0;--awb-spacing-right-medium:1.92%;--awb-spacing-left-medium:1.92%;--awb-width-small:100%;--awb-order-small:0;--awb-spacing-right-small:1.92%;--awb-spacing-left-small:1.92%;\"><div class=\"fusion-column-wrapper fusion-column-has-shadow fusion-flex-justify-content-flex-start fusion-content-layout-column\"><div class=\"fusion-text fusion-text-1\"><p><strong>Data Privacy<\/strong><\/p>\n<p>Welcome to the Europa Discovery UG privacy policy. We take the protection of your personal data very seriously and would therefore like to inform you about what data we collect, how we use it and what rights you have in relation to your data. This privacy policy applies to all websites and online services operated by us.<\/p>\n<ol>\n<li>Person responsible<\/li>\n<\/ol>\n<p>Responsible for the collection, processing and use of your personal data within the meaning of the General Data Protection Regulation (GDPR) is :<\/p>\n<p>Europa Discovery UG,<br \/>\nK\u00f6nigsallee 19,<br \/>\n40212 D\u00fcsseldorf.<\/p>\n<ol start=\"2\">\n<li>Collection and processing of personal data<\/li>\n<\/ol>\n<p>2.1 Visiting the website You can visit our website without having to provide any personal data. However, each time you visit our website, we automatically collect certain technical information, such as your IP address, date and time of access, browser type and operating system. This data is collected and statistically analyzed solely for the purpose of providing and improving our services. This data is not merged with other data sources.<\/p>\n<p>2.2 Contact form When you contact us via the contact form on our website, we collect and process the personal data you provide, such as your name, your e-mail address and your message. We use this data exclusively to respond to your inquiry and delete this data as soon as it is no longer required.<\/p>\n<p>2.3 Newsletter If you subscribe to our newsletter, we collect and process your e-mail address in order to send you the newsletter. We use your e-mail address exclusively for sending the newsletter and delete this data as soon as you unsubscribe from the newsletter.<\/p>\n<p>2.4 Cookies Our website uses cookies to improve the use of our services. Cookies are small text files that are stored on your end device and contain information about your use of our website. We use both session cookies, which are deleted when you close your browser, and persistent cookies, which remain stored on your device for a longer period of time. You can prevent the storage of cookies by selecting the appropriate settings in your browser software. However, we would like to point out that in this case you may not be able to use all the functions of our website to their full extent.<\/p>\n<ol start=\"3\">\n<li>Disclosure of data to third parties<\/li>\n<\/ol>\n<p>Your personal data will only be passed on to third parties if this is necessary to process your request or to provide our services or if we are legally obliged to do so. In particular, we do not pass on your data to third parties for advertising purposes.<\/p>\n<ol start=\"4\">\n<li>Data security<\/li>\n<\/ol>\n<p>We take technical and organizational measures to protect your data against loss, destruction, manipulation and unauthorized access. Our employees are obliged to maintain data confidentiality.<\/p>\n<ol start=\"5\">\n<li>Rights of data subjects<\/li>\n<\/ol>\n<p>You have the right to obtain information about your personal data stored by us and to request its correction, deletion or restriction of processing. You also have the right to object to the processing of your data and the right to data portability. If you are of the opinion that the processing of your personal data violates data protection regulations, you have the right to lodge a complaint with the competent supervisory authority.<\/p>\n<ol start=\"6\">\n<li>Changes to the privacy policy<\/li>\n<\/ol>\n<p>We reserve the right to amend this privacy policy at any time and without prior notice. The latest version is always available on our website. We recommend that you check this privacy policy regularly.<\/p>\n<ol start=\"7\">\n<li>YouTube<\/li>\n<\/ol>\n<p class=\" translation-block\">We have embedded YouTube videos on our website, which are stored on <a href=\"http:\/\/www.youtube.com\/\" target=\"_new\" rel=\"noopener\">www.youtube.com<\/a> and can be played directly from our website. YouTube is a subsidiary of Google LLC, 1600 Amphitheatre Parkway, Mountain View, CA 94043, USA (\"Google\"). By visiting our website, YouTube receives the information that you have accessed the corresponding subpage of our website. If you are logged into YouTube at the same time as visiting our website, this information will be associated with your YouTube account. You can only prevent this by logging out of your YouTube account before visiting our website. For more information about data usage by YouTube, please see Google's privacy policy at <a href=\"https:\/\/policies.google.com\/privacy\" target=\"_new\" rel=\"noopener\">https:\/\/policies.google.com\/privacy<\/a>.<\/p>\n<ol start=\"8\">\n<li>Instagram<\/li>\n<\/ol>\n<p>Wir haben Funktionen des Online-Dienstes Instagram in unsere Website eingebunden, die von der Instagram LLC, 1601 Willow Rd, Menlo Park CA 94025, USA (\u201eInstagram\u201c) bereitgestellt werden. Wenn Sie eine Seite unserer Website aufrufen, die eine solche Funktion enth\u00e4lt, stellt Ihr Browser eine direkte Verbindung zu den Servern von Instagram her. Der Inhalt der Funktion wird von Instagram direkt an Ihren Browser \u00fcbermittelt und in die Seite eingebunden. Durch diese Einbindung erh\u00e4lt Instagram die Information, dass Ihr Browser die entsprechende Seite unserer Website aufgerufen hat, auch wenn Sie kein Instagram-Profil besitzen oder gerade nicht bei Instagram eingeloggt sind. Diese Information (einschlie\u00dflich Ihrer IP-Adresse) wird von Ihrem Browser direkt an einen Server von Instagram in die USA \u00fcbermittelt und dort gespeichert. Sind Sie bei Instagram eingeloggt, kann Instagram den Besuch unserer Website Ihrem Instagram-Account unmittelbar zuordnen. Wenn Sie mit den Funktionen interagieren, zum Beispiel den \u201eInstagram\u201c-Button bet\u00e4tigen, wird die entsprechende Information ebenfalls direkt an einen Server von Instagram \u00fcbermittelt und dort gespeichert. Die Informationen werden au\u00dferdem auf Ihrem Instagram-Account ver\u00f6ffentlicht und Ihren Kontakten angezeigt. Zweck und Umfang der Datenerhebung und die weitere Verarbeitung und Nutzung der Daten durch Instagram sowie Ihre diesbez\u00fcglichen Rechte und Einstellungsm\u00f6glichkeiten zum Schutz Ihrer Privatsph\u00e4re entnehmen Sie bitte den Datenschutzhinweisen von Instagram: <a href=\"https:\/\/help.instagram.com\/155833707900388\" target=\"_new\" rel=\"noopener\">https:\/\/help.instagram.com\/155833707900388<\/a>.<\/p>\n<p>9. Fonts<\/p>\n<p><a href=\"https:\/\/www.freepik.com\/font\/speed\" target=\"_blank\" rel=\"noopener\">Font \"Speed\" by undefined on Freepik<\/a><\/p>\n<p>Status: 17.02.2022<\/p>\n<\/div><\/div><\/div><\/div><\/div>","protected":false},"excerpt":{"rendered":"","protected":false},"author":1,"featured_media":0,"parent":0,"menu_order":0,"comment_status":"closed","ping_status":"open","template":"100-width.php","meta":{"footnotes":""},"class_list":["post-3","page","type-page","status-publish","hentry"],"yoast_head":"<!-- This site is optimized with the Yoast SEO plugin v22.9 - https:\/\/yoast.com\/wordpress\/plugins\/seo\/ -->\n<title>Datenschutzerkl\u00e4rung - Europa Discovery<\/title>\n<meta name=\"description\" content=\"Diese Datenschutzerkl\u00e4rung von Europa Discovery UG. gilt f\u00fcr alle von uns betriebenen Websites und Online-Dienste.\" \/>\n<meta name=\"robots\" content=\"index, follow, max-snippet:-1, max-image-preview:large, max-video-preview:-1\" \/>\n<link rel=\"canonical\" href=\"http:\/\/europe-discovery.de\/en\/datenschutz\/\" \/>\n<meta property=\"og:locale\" content=\"en_US\" \/>\n<meta property=\"og:type\" content=\"article\" \/>\n<meta property=\"og:title\" content=\"Datenschutzerkl\u00e4rung - Europa Discovery\" \/>\n<meta property=\"og:description\" content=\"Diese Datenschutzerkl\u00e4rung von Europa Discovery UG. gilt f\u00fcr alle von uns betriebenen Websites und Online-Dienste.\" \/>\n<meta property=\"og:url\" content=\"http:\/\/europe-discovery.de\/en\/datenschutz\/\" \/>\n<meta property=\"og:site_name\" content=\"Europa Discovery\" \/>\n<meta property=\"article:publisher\" content=\"https:\/\/www.facebook.com\/europa.discovery\" \/>\n<meta property=\"article:modified_time\" content=\"2023-12-18T11:40:52+00:00\" \/>\n<meta name=\"twitter:card\" content=\"summary_large_image\" \/>\n<meta name=\"twitter:label1\" content=\"Est. reading time\" \/>\n\t<meta name=\"twitter:data1\" content=\"5 minutes\" \/>\n<script type=\"application\/ld+json\" class=\"yoast-schema-graph\">{\"@context\":\"https:\/\/schema.org\",\"@graph\":[{\"@type\":\"WebPage\",\"@id\":\"https:\/\/europe-discovery.de\/datenschutz\/\",\"url\":\"https:\/\/europe-discovery.de\/datenschutz\/\",\"name\":\"Datenschutzerkl\u00e4rung - Europa Discovery\",\"isPartOf\":{\"@id\":\"https:\/\/europe-discovery.de\/#website\"},\"datePublished\":\"2023-11-29T14:35:10+00:00\",\"dateModified\":\"2023-12-18T11:40:52+00:00\",\"description\":\"Diese Datenschutzerkl\u00e4rung von Europa Discovery UG. gilt f\u00fcr alle von uns betriebenen Websites und Online-Dienste.\",\"breadcrumb\":{\"@id\":\"https:\/\/europe-discovery.de\/datenschutz\/#breadcrumb\"},\"inLanguage\":\"en-US\",\"potentialAction\":[{\"@type\":\"ReadAction\",\"target\":[\"https:\/\/europe-discovery.de\/datenschutz\/\"]}]},{\"@type\":\"BreadcrumbList\",\"@id\":\"https:\/\/europe-discovery.de\/datenschutz\/#breadcrumb\",\"itemListElement\":[{\"@type\":\"ListItem\",\"position\":1,\"name\":\"Startseite\",\"item\":\"https:\/\/europe-discovery.de\/\"},{\"@type\":\"ListItem\",\"position\":2,\"name\":\"Datenschutzerkl\u00e4rung\"}]},{\"@type\":\"WebSite\",\"@id\":\"https:\/\/europe-discovery.de\/#website\",\"url\":\"https:\/\/europe-discovery.de\/\",\"name\":\"Europa Discovery\",\"description\":\"Buggy und Quad Touren durch Europa\",\"publisher\":{\"@id\":\"https:\/\/europe-discovery.de\/#organization\"},\"potentialAction\":[{\"@type\":\"SearchAction\",\"target\":{\"@type\":\"EntryPoint\",\"urlTemplate\":\"https:\/\/europe-discovery.de\/?s={search_term_string}\"},\"query-input\":\"required name=search_term_string\"}],\"inLanguage\":\"en-US\"},{\"@type\":\"Organization\",\"@id\":\"https:\/\/europe-discovery.de\/#organization\",\"name\":\"Europa Discovery\",\"url\":\"https:\/\/europe-discovery.de\/\",\"logo\":{\"@type\":\"ImageObject\",\"inLanguage\":\"en-US\",\"@id\":\"https:\/\/europe-discovery.de\/#\/schema\/logo\/image\/\",\"url\":\"https:\/\/europe-discovery.de\/wp-content\/uploads\/2023\/11\/europa-discovery-logo.png\",\"contentUrl\":\"https:\/\/europe-discovery.de\/wp-content\/uploads\/2023\/11\/europa-discovery-logo.png\",\"width\":879,\"height\":369,\"caption\":\"Europa Discovery\"},\"image\":{\"@id\":\"https:\/\/europe-discovery.de\/#\/schema\/logo\/image\/\"},\"sameAs\":[\"https:\/\/www.facebook.com\/europa.discovery\",\"https:\/\/www.instagram.com\/europa_discovery\/\",\"https:\/\/www.youtube.com\/@europadiscovery\"]}]}<\/script>\n<!-- \/ Yoast SEO plugin. -->","yoast_head_json":{"title":"Datenschutzerkl\u00e4rung - Europa Discovery","description":"Diese Datenschutzerkl\u00e4rung von Europa Discovery UG. gilt f\u00fcr alle von uns betriebenen Websites und Online-Dienste.","robots":{"index":"index","follow":"follow","max-snippet":"max-snippet:-1","max-image-preview":"max-image-preview:large","max-video-preview":"max-video-preview:-1"},"canonical":"http:\/\/europe-discovery.de\/en\/datenschutz\/","og_locale":"en_US","og_type":"article","og_title":"Datenschutzerkl\u00e4rung - Europa Discovery","og_description":"Diese Datenschutzerkl\u00e4rung von Europa Discovery UG. gilt f\u00fcr alle von uns betriebenen Websites und Online-Dienste.","og_url":"http:\/\/europe-discovery.de\/en\/datenschutz\/","og_site_name":"Europa Discovery","article_publisher":"https:\/\/www.facebook.com\/europa.discovery","article_modified_time":"2023-12-18T11:40:52+00:00","twitter_card":"summary_large_image","twitter_misc":{"Est. reading time":"5 minutes"},"schema":{"@context":"https:\/\/schema.org","@graph":[{"@type":"WebPage","@id":"https:\/\/europe-discovery.de\/datenschutz\/","url":"https:\/\/europe-discovery.de\/datenschutz\/","name":"Datenschutzerkl\u00e4rung - Europa Discovery","isPartOf":{"@id":"https:\/\/europe-discovery.de\/#website"},"datePublished":"2023-11-29T14:35:10+00:00","dateModified":"2023-12-18T11:40:52+00:00","description":"Diese Datenschutzerkl\u00e4rung von Europa Discovery UG. gilt f\u00fcr alle von uns betriebenen Websites und Online-Dienste.","breadcrumb":{"@id":"https:\/\/europe-discovery.de\/datenschutz\/#breadcrumb"},"inLanguage":"en-US","potentialAction":[{"@type":"ReadAction","target":["https:\/\/europe-discovery.de\/datenschutz\/"]}]},{"@type":"BreadcrumbList","@id":"https:\/\/europe-discovery.de\/datenschutz\/#breadcrumb","itemListElement":[{"@type":"ListItem","position":1,"name":"Startseite","item":"https:\/\/europe-discovery.de\/"},{"@type":"ListItem","position":2,"name":"Datenschutzerkl\u00e4rung"}]},{"@type":"WebSite","@id":"https:\/\/europe-discovery.de\/#website","url":"https:\/\/europe-discovery.de\/","name":"Europa Discovery","description":"Buggy und Quad Touren durch Europa","publisher":{"@id":"https:\/\/europe-discovery.de\/#organization"},"potentialAction":[{"@type":"SearchAction","target":{"@type":"EntryPoint","urlTemplate":"https:\/\/europe-discovery.de\/?s={search_term_string}"},"query-input":"required name=search_term_string"}],"inLanguage":"en-US"},{"@type":"Organization","@id":"https:\/\/europe-discovery.de\/#organization","name":"Europa Discovery","url":"https:\/\/europe-discovery.de\/","logo":{"@type":"ImageObject","inLanguage":"en-US","@id":"https:\/\/europe-discovery.de\/#\/schema\/logo\/image\/","url":"https:\/\/europe-discovery.de\/wp-content\/uploads\/2023\/11\/europa-discovery-logo.png","contentUrl":"https:\/\/europe-discovery.de\/wp-content\/uploads\/2023\/11\/europa-discovery-logo.png","width":879,"height":369,"caption":"Europa Discovery"},"image":{"@id":"https:\/\/europe-discovery.de\/#\/schema\/logo\/image\/"},"sameAs":["https:\/\/www.facebook.com\/europa.discovery","https:\/\/www.instagram.com\/europa_discovery\/","https:\/\/www.youtube.com\/@europadiscovery"]}]}},"_links":{"self":[{"href":"http:\/\/europe-discovery.de\/en\/wp-json\/wp\/v2\/pages\/3","targetHints":{"allow":["GET"]}}],"collection":[{"href":"http:\/\/europe-discovery.de\/en\/wp-json\/wp\/v2\/pages"}],"about":[{"href":"http:\/\/europe-discovery.de\/en\/wp-json\/wp\/v2\/types\/page"}],"author":[{"embeddable":true,"href":"http:\/\/europe-discovery.de\/en\/wp-json\/wp\/v2\/users\/1"}],"replies":[{"embeddable":true,"href":"http:\/\/europe-discovery.de\/en\/wp-json\/wp\/v2\/comments?post=3"}],"version-history":[{"count":0,"href":"http:\/\/europe-discovery.de\/en\/wp-json\/wp\/v2\/pages\/3\/revisions"}],"wp:attachment":[{"href":"http:\/\/europe-discovery.de\/en\/wp-json\/wp\/v2\/media?parent=3"}],"curies":[{"name":"wp","href":"https:\/\/api.w.org\/{rel}","templated":true}]}}